{"id":11025,"date":"2025-02-05T10:04:18","date_gmt":"2025-02-05T09:04:18","guid":{"rendered":"https:\/\/www.sams-industrie.fr\/product\/axe-de-chaine-court-reference\/"},"modified":"2025-02-19T12:06:12","modified_gmt":"2025-02-19T11:06:12","slug":"axe-de-chaine-court-reference","status":"publish","type":"product","link":"https:\/\/www.sams-industrie.fr\/en\/product\/axe-de-chaine-court-reference\/","title":{"rendered":"Short chain axle<br> Reference BC-045-036"},"content":{"rendered":"","protected":false},"excerpt":{"rendered":"<p>RAPIDEX RTA15<br \/> R\u00e9f\u00e9rence constructeur : BC-045-036<br \/> R\u00e9f\u00e9rences \u00e9quivalentes : BC045036 \/ MBC045036 \/ RAPBC045036<\/p>","protected":false},"featured_media":0,"comment_status":"open","ping_status":"closed","template":"","meta":[],"_links":{"self":[{"href":"https:\/\/www.sams-industrie.fr\/en\/wp-json\/wp\/v2\/product\/11025"}],"collection":[{"href":"https:\/\/www.sams-industrie.fr\/en\/wp-json\/wp\/v2\/product"}],"about":[{"href":"https:\/\/www.sams-industrie.fr\/en\/wp-json\/wp\/v2\/types\/product"}],"replies":[{"embeddable":true,"href":"https:\/\/www.sams-industrie.fr\/en\/wp-json\/wp\/v2\/comments?post=11025"}],"wp:attachment":[{"href":"https:\/\/www.sams-industrie.fr\/en\/wp-json\/wp\/v2\/media?parent=11025"}],"curies":[{"name":"wp","href":"https:\/\/api.w.org\/{rel}","templated":true}]}}