{"id":11024,"date":"2025-02-05T10:04:18","date_gmt":"2025-02-05T09:04:18","guid":{"rendered":"https:\/\/www.sams-industrie.fr\/product\/secteur-coupe-patte-fixe-reference-slotter-2\/"},"modified":"2025-02-19T12:06:11","modified_gmt":"2025-02-19T11:06:11","slug":"secteur-coupe-patte-fixe-reference-slotter-2","status":"publish","type":"product","link":"https:\/\/www.sams-industrie.fr\/en\/product\/secteur-coupe-patte-fixe-reference-slotter-2\/","title":{"rendered":"Fixed leg cutting sector<br> Reference 800-305-029"},"content":{"rendered":"","protected":false},"excerpt":{"rendered":"<p>RAPIDEX RAPIDLINE 22<br \/> R\u00e9f\u00e9rence constructeur : 800-305-029<br \/> R\u00e9f\u00e9rences \u00e9quivalentes : 800305029 \/ M800305029 \/ RAP800305029<\/p>","protected":false},"featured_media":0,"comment_status":"open","ping_status":"closed","template":"","meta":[],"_links":{"self":[{"href":"https:\/\/www.sams-industrie.fr\/en\/wp-json\/wp\/v2\/product\/11024"}],"collection":[{"href":"https:\/\/www.sams-industrie.fr\/en\/wp-json\/wp\/v2\/product"}],"about":[{"href":"https:\/\/www.sams-industrie.fr\/en\/wp-json\/wp\/v2\/types\/product"}],"replies":[{"embeddable":true,"href":"https:\/\/www.sams-industrie.fr\/en\/wp-json\/wp\/v2\/comments?post=11024"}],"wp:attachment":[{"href":"https:\/\/www.sams-industrie.fr\/en\/wp-json\/wp\/v2\/media?parent=11024"}],"curies":[{"name":"wp","href":"https:\/\/api.w.org\/{rel}","templated":true}]}}