{"id":11019,"date":"2025-02-05T10:04:14","date_gmt":"2025-02-05T09:04:14","guid":{"rendered":"https:\/\/www.sams-industrie.fr\/product\/entretoise-doigt-de-verrouillage-reference-margeur\/"},"modified":"2025-02-19T12:06:08","modified_gmt":"2025-02-19T11:06:08","slug":"entretoise-doigt-de-verrouillage-reference-margeur","status":"publish","type":"product","link":"https:\/\/www.sams-industrie.fr\/en\/product\/entretoise-doigt-de-verrouillage-reference-margeur\/","title":{"rendered":"Locking finger spacer<br> Reference 600-913-506"},"content":{"rendered":"","protected":false},"excerpt":{"rendered":"<p>RAPIDEX RAPIDLINE 10-16<br \/> R\u00e9f\u00e9rence constructeur : 600-913-506<br \/> R\u00e9f\u00e9rences \u00e9quivalentes : 600913506 \/ M600913506 \/ RAP600913506<\/p>","protected":false},"featured_media":0,"comment_status":"open","ping_status":"closed","template":"","meta":[],"_links":{"self":[{"href":"https:\/\/www.sams-industrie.fr\/en\/wp-json\/wp\/v2\/product\/11019"}],"collection":[{"href":"https:\/\/www.sams-industrie.fr\/en\/wp-json\/wp\/v2\/product"}],"about":[{"href":"https:\/\/www.sams-industrie.fr\/en\/wp-json\/wp\/v2\/types\/product"}],"replies":[{"embeddable":true,"href":"https:\/\/www.sams-industrie.fr\/en\/wp-json\/wp\/v2\/comments?post=11019"}],"wp:attachment":[{"href":"https:\/\/www.sams-industrie.fr\/en\/wp-json\/wp\/v2\/media?parent=11019"}],"curies":[{"name":"wp","href":"https:\/\/api.w.org\/{rel}","templated":true}]}}