{"id":11017,"date":"2025-02-05T10:04:13","date_gmt":"2025-02-05T09:04:13","guid":{"rendered":"https:\/\/www.sams-industrie.fr\/product\/manchon-indexable-reference-margeur\/"},"modified":"2025-02-19T12:06:06","modified_gmt":"2025-02-19T11:06:06","slug":"manchon-indexable-reference-margeur","status":"publish","type":"product","link":"https:\/\/www.sams-industrie.fr\/en\/product\/manchon-indexable-reference-margeur\/","title":{"rendered":"Indexable sleeve<br> Reference 700-913-029"},"content":{"rendered":"","protected":false},"excerpt":{"rendered":"<p>RAPIDEX RAPIDLINE 16<br \/> R\u00e9f\u00e9rence constructeur : 700-913-029<br \/> R\u00e9f\u00e9rences \u00e9quivalentes : 700913029 \/ M700913029 \/ RAP700913029<\/p>","protected":false},"featured_media":0,"comment_status":"open","ping_status":"closed","template":"","meta":[],"_links":{"self":[{"href":"https:\/\/www.sams-industrie.fr\/en\/wp-json\/wp\/v2\/product\/11017"}],"collection":[{"href":"https:\/\/www.sams-industrie.fr\/en\/wp-json\/wp\/v2\/product"}],"about":[{"href":"https:\/\/www.sams-industrie.fr\/en\/wp-json\/wp\/v2\/types\/product"}],"replies":[{"embeddable":true,"href":"https:\/\/www.sams-industrie.fr\/en\/wp-json\/wp\/v2\/comments?post=11017"}],"wp:attachment":[{"href":"https:\/\/www.sams-industrie.fr\/en\/wp-json\/wp\/v2\/media?parent=11017"}],"curies":[{"name":"wp","href":"https:\/\/api.w.org\/{rel}","templated":true}]}}