{"id":11016,"date":"2025-02-05T10:04:12","date_gmt":"2025-02-05T09:04:12","guid":{"rendered":"https:\/\/www.sams-industrie.fr\/product\/support-doigt-verrouillage-reference-tous-modules\/"},"modified":"2025-02-19T12:06:05","modified_gmt":"2025-02-19T11:06:05","slug":"support-doigt-verrouillage-reference-tous-modules","status":"publish","type":"product","link":"https:\/\/www.sams-industrie.fr\/en\/product\/support-doigt-verrouillage-reference-tous-modules\/","title":{"rendered":"Finger lock support<br> Reference 500-309-023"},"content":{"rendered":"","protected":false},"excerpt":{"rendered":"<p>RAPIDEX RAPIDLINE 16-22<br \/> R\u00e9f\u00e9rence constructeur : 500-309-023<br \/> R\u00e9f\u00e9rences \u00e9quivalentes : 500309023 \/ M500309023 \/ RAP500309023<\/p>","protected":false},"featured_media":0,"comment_status":"open","ping_status":"closed","template":"","meta":[],"_links":{"self":[{"href":"https:\/\/www.sams-industrie.fr\/en\/wp-json\/wp\/v2\/product\/11016"}],"collection":[{"href":"https:\/\/www.sams-industrie.fr\/en\/wp-json\/wp\/v2\/product"}],"about":[{"href":"https:\/\/www.sams-industrie.fr\/en\/wp-json\/wp\/v2\/types\/product"}],"replies":[{"embeddable":true,"href":"https:\/\/www.sams-industrie.fr\/en\/wp-json\/wp\/v2\/comments?post=11016"}],"wp:attachment":[{"href":"https:\/\/www.sams-industrie.fr\/en\/wp-json\/wp\/v2\/media?parent=11016"}],"curies":[{"name":"wp","href":"https:\/\/api.w.org\/{rel}","templated":true}]}}