{"id":11015,"date":"2025-02-05T10:04:11","date_gmt":"2025-02-05T09:04:11","guid":{"rendered":"https:\/\/www.sams-industrie.fr\/product\/secteur-coupe-patte-fixe-reference-slotter\/"},"modified":"2025-04-17T16:34:28","modified_gmt":"2025-04-17T14:34:28","slug":"secteur-coupe-patte-fixe-reference-slotter","status":"publish","type":"product","link":"https:\/\/www.sams-industrie.fr\/en\/product\/secteur-coupe-patte-fixe-reference-slotter\/","title":{"rendered":"Fixed leg cutting sector<br> Reference BBA-0305-106"},"content":{"rendered":"","protected":false},"excerpt":{"rendered":"<p>RAPIDEX RAPIDLINE 22<br \/>\nR\u00e9f\u00e9rence constructeur : BBA-0305-106<br \/>\nR\u00e9f\u00e9rences \u00e9quivalentes : BBA0305106 \/ MBBA0305106 \/ RAPBBA0305106<\/p>","protected":false},"featured_media":11354,"comment_status":"open","ping_status":"closed","template":"","meta":[],"_links":{"self":[{"href":"https:\/\/www.sams-industrie.fr\/en\/wp-json\/wp\/v2\/product\/11015"}],"collection":[{"href":"https:\/\/www.sams-industrie.fr\/en\/wp-json\/wp\/v2\/product"}],"about":[{"href":"https:\/\/www.sams-industrie.fr\/en\/wp-json\/wp\/v2\/types\/product"}],"replies":[{"embeddable":true,"href":"https:\/\/www.sams-industrie.fr\/en\/wp-json\/wp\/v2\/comments?post=11015"}],"wp:featuredmedia":[{"embeddable":true,"href":"https:\/\/www.sams-industrie.fr\/en\/wp-json\/wp\/v2\/media\/11354"}],"wp:attachment":[{"href":"https:\/\/www.sams-industrie.fr\/en\/wp-json\/wp\/v2\/media?parent=11015"}],"curies":[{"name":"wp","href":"https:\/\/api.w.org\/{rel}","templated":true}]}}