{"id":11009,"date":"2025-02-05T10:04:07","date_gmt":"2025-02-05T09:04:07","guid":{"rendered":"https:\/\/www.sams-industrie.fr\/product\/porte-joint-tete-collage-reference\/"},"modified":"2025-02-19T12:05:59","modified_gmt":"2025-02-19T11:05:59","slug":"porte-joint-tete-collage-reference","status":"publish","type":"product","link":"https:\/\/www.sams-industrie.fr\/en\/product\/porte-joint-tete-collage-reference\/","title":{"rendered":"Head gasket holder gluing<br> Reference 3008-110"},"content":{"rendered":"","protected":false},"excerpt":{"rendered":"<p>SIMCA SIMCA<br \/> R\u00e9f\u00e9rence constructeur : 3008-110<br \/> R\u00e9f\u00e9rences \u00e9quivalentes : 3008110 \/ M3008110 \/ RAP3008110<\/p>","protected":false},"featured_media":0,"comment_status":"open","ping_status":"closed","template":"","meta":[],"_links":{"self":[{"href":"https:\/\/www.sams-industrie.fr\/en\/wp-json\/wp\/v2\/product\/11009"}],"collection":[{"href":"https:\/\/www.sams-industrie.fr\/en\/wp-json\/wp\/v2\/product"}],"about":[{"href":"https:\/\/www.sams-industrie.fr\/en\/wp-json\/wp\/v2\/types\/product"}],"replies":[{"embeddable":true,"href":"https:\/\/www.sams-industrie.fr\/en\/wp-json\/wp\/v2\/comments?post=11009"}],"wp:attachment":[{"href":"https:\/\/www.sams-industrie.fr\/en\/wp-json\/wp\/v2\/media?parent=11009"}],"curies":[{"name":"wp","href":"https:\/\/api.w.org\/{rel}","templated":true}]}}