{"id":11007,"date":"2025-02-05T10:04:06","date_gmt":"2025-02-05T09:04:06","guid":{"rendered":"https:\/\/www.sams-industrie.fr\/product\/ressort-tete-colleuse-reference\/"},"modified":"2025-11-03T16:26:38","modified_gmt":"2025-11-03T15:26:38","slug":"ressort-tete-colleuse-reference","status":"publish","type":"product","link":"https:\/\/www.sams-industrie.fr\/en\/product\/ressort-tete-colleuse-reference\/","title":{"rendered":"Glue head spring<br> Reference 3008-117"},"content":{"rendered":"","protected":false},"excerpt":{"rendered":"<p>SIMCA SIMCA<br \/>\nR\u00e9f\u00e9rence constructeur : 3008-117<br \/>\nR\u00e9f\u00e9rences \u00e9quivalentes : 3008117 \/ M3008117 \/ RAP3008117<\/p>","protected":false},"featured_media":11724,"comment_status":"open","ping_status":"closed","template":"","meta":[],"_links":{"self":[{"href":"https:\/\/www.sams-industrie.fr\/en\/wp-json\/wp\/v2\/product\/11007"}],"collection":[{"href":"https:\/\/www.sams-industrie.fr\/en\/wp-json\/wp\/v2\/product"}],"about":[{"href":"https:\/\/www.sams-industrie.fr\/en\/wp-json\/wp\/v2\/types\/product"}],"replies":[{"embeddable":true,"href":"https:\/\/www.sams-industrie.fr\/en\/wp-json\/wp\/v2\/comments?post=11007"}],"wp:featuredmedia":[{"embeddable":true,"href":"https:\/\/www.sams-industrie.fr\/en\/wp-json\/wp\/v2\/media\/11724"}],"wp:attachment":[{"href":"https:\/\/www.sams-industrie.fr\/en\/wp-json\/wp\/v2\/media?parent=11007"}],"curies":[{"name":"wp","href":"https:\/\/api.w.org\/{rel}","templated":true}]}}