{"id":11004,"date":"2025-02-05T10:04:04","date_gmt":"2025-02-05T09:04:04","guid":{"rendered":"https:\/\/www.sams-industrie.fr\/product\/piston-tete-colleuse-reference\/"},"modified":"2025-02-19T12:05:56","modified_gmt":"2025-02-19T11:05:56","slug":"piston-tete-colleuse-reference","status":"publish","type":"product","link":"https:\/\/www.sams-industrie.fr\/en\/product\/piston-tete-colleuse-reference\/","title":{"rendered":"Glue head piston<br> Reference 3008-111"},"content":{"rendered":"","protected":false},"excerpt":{"rendered":"<p>SIMCA SIMCA<br \/> R\u00e9f\u00e9rence constructeur : 3008-111<br \/> R\u00e9f\u00e9rences \u00e9quivalentes : 3008111 \/ M3008111 \/ RAP3008111<\/p>","protected":false},"featured_media":0,"comment_status":"open","ping_status":"closed","template":"","meta":[],"_links":{"self":[{"href":"https:\/\/www.sams-industrie.fr\/en\/wp-json\/wp\/v2\/product\/11004"}],"collection":[{"href":"https:\/\/www.sams-industrie.fr\/en\/wp-json\/wp\/v2\/product"}],"about":[{"href":"https:\/\/www.sams-industrie.fr\/en\/wp-json\/wp\/v2\/types\/product"}],"replies":[{"embeddable":true,"href":"https:\/\/www.sams-industrie.fr\/en\/wp-json\/wp\/v2\/comments?post=11004"}],"wp:attachment":[{"href":"https:\/\/www.sams-industrie.fr\/en\/wp-json\/wp\/v2\/media?parent=11004"}],"curies":[{"name":"wp","href":"https:\/\/api.w.org\/{rel}","templated":true}]}}