{"id":11001,"date":"2025-02-05T10:04:03","date_gmt":"2025-02-05T09:04:03","guid":{"rendered":"https:\/\/www.sams-industrie.fr\/product\/taquet-reference\/"},"modified":"2025-11-03T16:02:19","modified_gmt":"2025-11-03T15:02:19","slug":"taquet-reference","status":"publish","type":"product","link":"https:\/\/www.sams-industrie.fr\/en\/product\/taquet-reference\/","title":{"rendered":"Cleat<br> Reference 3042-04-01"},"content":{"rendered":"","protected":false},"excerpt":{"rendered":"<p>SIMCA SIMCA<br \/>\nR\u00e9f\u00e9rence constructeur : 417199<br \/>\nR\u00e9f\u00e9rences \u00e9quivalentes : 30424001 \/ M30424001 \/ RAP30424001<\/p>","protected":false},"featured_media":11719,"comment_status":"open","ping_status":"closed","template":"","meta":[],"_links":{"self":[{"href":"https:\/\/www.sams-industrie.fr\/en\/wp-json\/wp\/v2\/product\/11001"}],"collection":[{"href":"https:\/\/www.sams-industrie.fr\/en\/wp-json\/wp\/v2\/product"}],"about":[{"href":"https:\/\/www.sams-industrie.fr\/en\/wp-json\/wp\/v2\/types\/product"}],"replies":[{"embeddable":true,"href":"https:\/\/www.sams-industrie.fr\/en\/wp-json\/wp\/v2\/comments?post=11001"}],"wp:featuredmedia":[{"embeddable":true,"href":"https:\/\/www.sams-industrie.fr\/en\/wp-json\/wp\/v2\/media\/11719"}],"wp:attachment":[{"href":"https:\/\/www.sams-industrie.fr\/en\/wp-json\/wp\/v2\/media?parent=11001"}],"curies":[{"name":"wp","href":"https:\/\/api.w.org\/{rel}","templated":true}]}}