{"id":10999,"date":"2025-02-05T10:04:01","date_gmt":"2025-02-05T09:04:01","guid":{"rendered":"https:\/\/www.sams-industrie.fr\/product\/ecrou-trapezoidal-pas-a-gauche-reference\/"},"modified":"2025-02-19T12:05:52","modified_gmt":"2025-02-19T11:05:52","slug":"ecrou-trapezoidal-pas-a-gauche-reference","status":"publish","type":"product","link":"https:\/\/www.sams-industrie.fr\/en\/product\/ecrou-trapezoidal-pas-a-gauche-reference\/","title":{"rendered":"Left-handed trapezoidal nut<br> Reference 200-105-022"},"content":{"rendered":"","protected":false},"excerpt":{"rendered":"<p>RAPIDEX RTA15<br \/> R\u00e9f\u00e9rence constructeur : 200-105-022<br \/> R\u00e9f\u00e9rences \u00e9quivalentes : 200105022 \/ M200105022 \/ RAP200105022<\/p>","protected":false},"featured_media":0,"comment_status":"open","ping_status":"closed","template":"","meta":[],"_links":{"self":[{"href":"https:\/\/www.sams-industrie.fr\/en\/wp-json\/wp\/v2\/product\/10999"}],"collection":[{"href":"https:\/\/www.sams-industrie.fr\/en\/wp-json\/wp\/v2\/product"}],"about":[{"href":"https:\/\/www.sams-industrie.fr\/en\/wp-json\/wp\/v2\/types\/product"}],"replies":[{"embeddable":true,"href":"https:\/\/www.sams-industrie.fr\/en\/wp-json\/wp\/v2\/comments?post=10999"}],"wp:attachment":[{"href":"https:\/\/www.sams-industrie.fr\/en\/wp-json\/wp\/v2\/media?parent=10999"}],"curies":[{"name":"wp","href":"https:\/\/api.w.org\/{rel}","templated":true}]}}