{"id":10996,"date":"2025-02-05T10:04:00","date_gmt":"2025-02-05T09:04:00","guid":{"rendered":"https:\/\/www.sams-industrie.fr\/product\/axe-de-taquet-reference-equerrage\/"},"modified":"2025-02-19T12:05:50","modified_gmt":"2025-02-19T11:05:50","slug":"axe-de-taquet-reference-equerrage","status":"publish","type":"product","link":"https:\/\/www.sams-industrie.fr\/en\/product\/axe-de-taquet-reference-equerrage\/","title":{"rendered":"Cleat axle<br> Reference BC-045-034"},"content":{"rendered":"","protected":false},"excerpt":{"rendered":"<p>RAPIDEX RTA15<br \/> R\u00e9f\u00e9rence constructeur : BC-045-034<br \/> R\u00e9f\u00e9rences \u00e9quivalentes : BC045034 \/ MBC045034 \/ RAPBC045034<\/p>","protected":false},"featured_media":0,"comment_status":"open","ping_status":"closed","template":"","meta":[],"_links":{"self":[{"href":"https:\/\/www.sams-industrie.fr\/en\/wp-json\/wp\/v2\/product\/10996"}],"collection":[{"href":"https:\/\/www.sams-industrie.fr\/en\/wp-json\/wp\/v2\/product"}],"about":[{"href":"https:\/\/www.sams-industrie.fr\/en\/wp-json\/wp\/v2\/types\/product"}],"replies":[{"embeddable":true,"href":"https:\/\/www.sams-industrie.fr\/en\/wp-json\/wp\/v2\/comments?post=10996"}],"wp:attachment":[{"href":"https:\/\/www.sams-industrie.fr\/en\/wp-json\/wp\/v2\/media?parent=10996"}],"curies":[{"name":"wp","href":"https:\/\/api.w.org\/{rel}","templated":true}]}}