{"id":10995,"date":"2025-02-05T10:03:59","date_gmt":"2025-02-05T09:03:59","guid":{"rendered":"https:\/\/www.sams-industrie.fr\/product\/taquet-reference-equerrage\/"},"modified":"2025-11-03T15:56:42","modified_gmt":"2025-11-03T14:56:42","slug":"taquet-reference-equerrage","status":"publish","type":"product","link":"https:\/\/www.sams-industrie.fr\/en\/product\/taquet-reference-equerrage\/","title":{"rendered":"Cleat<br> Reference BC-045-033"},"content":{"rendered":"","protected":false},"excerpt":{"rendered":"<p>RAPIDEX RTA15<br \/>\nR\u00e9f\u00e9rence constructeur : BC-045-033<br \/>\nR\u00e9f\u00e9rences \u00e9quivalentes : BC045033 \/ MBC045033 \/ RAPBC045033<\/p>","protected":false},"featured_media":11717,"comment_status":"open","ping_status":"closed","template":"","meta":[],"_links":{"self":[{"href":"https:\/\/www.sams-industrie.fr\/en\/wp-json\/wp\/v2\/product\/10995"}],"collection":[{"href":"https:\/\/www.sams-industrie.fr\/en\/wp-json\/wp\/v2\/product"}],"about":[{"href":"https:\/\/www.sams-industrie.fr\/en\/wp-json\/wp\/v2\/types\/product"}],"replies":[{"embeddable":true,"href":"https:\/\/www.sams-industrie.fr\/en\/wp-json\/wp\/v2\/comments?post=10995"}],"wp:featuredmedia":[{"embeddable":true,"href":"https:\/\/www.sams-industrie.fr\/en\/wp-json\/wp\/v2\/media\/11717"}],"wp:attachment":[{"href":"https:\/\/www.sams-industrie.fr\/en\/wp-json\/wp\/v2\/media?parent=10995"}],"curies":[{"name":"wp","href":"https:\/\/api.w.org\/{rel}","templated":true}]}}