{"id":10993,"date":"2025-02-05T10:03:58","date_gmt":"2025-02-05T09:03:58","guid":{"rendered":"https:\/\/www.sams-industrie.fr\/product\/vis-de-plieuse-reference-plieuse\/"},"modified":"2025-02-19T12:05:48","modified_gmt":"2025-02-19T11:05:48","slug":"vis-de-plieuse-reference-plieuse","status":"publish","type":"product","link":"https:\/\/www.sams-industrie.fr\/en\/product\/vis-de-plieuse-reference-plieuse\/","title":{"rendered":"Bending screw<br> Reference BC-003-011 LD"},"content":{"rendered":"","protected":false},"excerpt":{"rendered":"<p>RAPIDEX RTA15<br \/> R\u00e9f\u00e9rence constructeur : BC-003-011 LD<br \/> R\u00e9f\u00e9rences \u00e9quivalentes : BC003011LD \/ MBC003011LD \/ RAPBC003011LD<\/p>","protected":false},"featured_media":0,"comment_status":"open","ping_status":"closed","template":"","meta":[],"_links":{"self":[{"href":"https:\/\/www.sams-industrie.fr\/en\/wp-json\/wp\/v2\/product\/10993"}],"collection":[{"href":"https:\/\/www.sams-industrie.fr\/en\/wp-json\/wp\/v2\/product"}],"about":[{"href":"https:\/\/www.sams-industrie.fr\/en\/wp-json\/wp\/v2\/types\/product"}],"replies":[{"embeddable":true,"href":"https:\/\/www.sams-industrie.fr\/en\/wp-json\/wp\/v2\/comments?post=10993"}],"wp:attachment":[{"href":"https:\/\/www.sams-industrie.fr\/en\/wp-json\/wp\/v2\/media?parent=10993"}],"curies":[{"name":"wp","href":"https:\/\/api.w.org\/{rel}","templated":true}]}}