{"id":10992,"date":"2025-02-05T10:03:57","date_gmt":"2025-02-05T09:03:57","guid":{"rendered":"https:\/\/www.sams-industrie.fr\/product\/pignon-interne-reference-slotter-2\/"},"modified":"2025-02-19T12:05:47","modified_gmt":"2025-02-19T11:05:47","slug":"pignon-interne-reference-slotter-2","status":"publish","type":"product","link":"https:\/\/www.sams-industrie.fr\/en\/product\/pignon-interne-reference-slotter-2\/","title":{"rendered":"Internal pinion<br> Reference 200-304-039"},"content":{"rendered":"","protected":false},"excerpt":{"rendered":"<p>RAPIDEX RTA15<br \/> R\u00e9f\u00e9rence constructeur : 200-304-039<br \/> R\u00e9f\u00e9rences \u00e9quivalentes : 200304039 \/ M200304039 \/ RAP200304039<\/p>","protected":false},"featured_media":0,"comment_status":"open","ping_status":"closed","template":"","meta":[],"_links":{"self":[{"href":"https:\/\/www.sams-industrie.fr\/en\/wp-json\/wp\/v2\/product\/10992"}],"collection":[{"href":"https:\/\/www.sams-industrie.fr\/en\/wp-json\/wp\/v2\/product"}],"about":[{"href":"https:\/\/www.sams-industrie.fr\/en\/wp-json\/wp\/v2\/types\/product"}],"replies":[{"embeddable":true,"href":"https:\/\/www.sams-industrie.fr\/en\/wp-json\/wp\/v2\/comments?post=10992"}],"wp:attachment":[{"href":"https:\/\/www.sams-industrie.fr\/en\/wp-json\/wp\/v2\/media?parent=10992"}],"curies":[{"name":"wp","href":"https:\/\/api.w.org\/{rel}","templated":true}]}}