{"id":10988,"date":"2025-02-05T10:03:55","date_gmt":"2025-02-05T09:03:55","guid":{"rendered":"https:\/\/www.sams-industrie.fr\/product\/couronne-mobile-reference-slotter-2\/"},"modified":"2025-02-19T12:05:44","modified_gmt":"2025-02-19T11:05:44","slug":"couronne-mobile-reference-slotter-2","status":"publish","type":"product","link":"https:\/\/www.sams-industrie.fr\/en\/product\/couronne-mobile-reference-slotter-2\/","title":{"rendered":"Mobile crown<br> Reference 200-300-113"},"content":{"rendered":"","protected":false},"excerpt":{"rendered":"<p>RAPIDEX RTA15<br \/> R\u00e9f\u00e9rence constructeur : 200-300-113<br \/> R\u00e9f\u00e9rences \u00e9quivalentes : 200300113 \/ M200300113 \/ RAP200300113<\/p>","protected":false},"featured_media":0,"comment_status":"open","ping_status":"closed","template":"","meta":[],"_links":{"self":[{"href":"https:\/\/www.sams-industrie.fr\/en\/wp-json\/wp\/v2\/product\/10988"}],"collection":[{"href":"https:\/\/www.sams-industrie.fr\/en\/wp-json\/wp\/v2\/product"}],"about":[{"href":"https:\/\/www.sams-industrie.fr\/en\/wp-json\/wp\/v2\/types\/product"}],"replies":[{"embeddable":true,"href":"https:\/\/www.sams-industrie.fr\/en\/wp-json\/wp\/v2\/comments?post=10988"}],"wp:attachment":[{"href":"https:\/\/www.sams-industrie.fr\/en\/wp-json\/wp\/v2\/media?parent=10988"}],"curies":[{"name":"wp","href":"https:\/\/api.w.org\/{rel}","templated":true}]}}