{"id":10984,"date":"2025-02-05T10:03:53","date_gmt":"2025-02-05T09:03:53","guid":{"rendered":"https:\/\/www.sams-industrie.fr\/product\/pignon-cinematique-reference-imprimeuse-3\/"},"modified":"2025-02-19T12:05:40","modified_gmt":"2025-02-19T11:05:40","slug":"pignon-cinematique-reference-imprimeuse-3","status":"publish","type":"product","link":"https:\/\/www.sams-industrie.fr\/en\/product\/pignon-cinematique-reference-imprimeuse-3\/","title":{"rendered":"Kinematic pinion<br> Reference 300-103-030"},"content":{"rendered":"","protected":false},"excerpt":{"rendered":"<p>RAPIDEX RTA12<br \/> R\u00e9f\u00e9rence constructeur : 300-103-030<br \/> R\u00e9f\u00e9rences \u00e9quivalentes : 300103030 \/ M300103030 \/ RAP300103030<\/p>","protected":false},"featured_media":0,"comment_status":"open","ping_status":"closed","template":"","meta":[],"_links":{"self":[{"href":"https:\/\/www.sams-industrie.fr\/en\/wp-json\/wp\/v2\/product\/10984"}],"collection":[{"href":"https:\/\/www.sams-industrie.fr\/en\/wp-json\/wp\/v2\/product"}],"about":[{"href":"https:\/\/www.sams-industrie.fr\/en\/wp-json\/wp\/v2\/types\/product"}],"replies":[{"embeddable":true,"href":"https:\/\/www.sams-industrie.fr\/en\/wp-json\/wp\/v2\/comments?post=10984"}],"wp:attachment":[{"href":"https:\/\/www.sams-industrie.fr\/en\/wp-json\/wp\/v2\/media?parent=10984"}],"curies":[{"name":"wp","href":"https:\/\/api.w.org\/{rel}","templated":true}]}}