{"id":10983,"date":"2025-02-05T10:03:52","date_gmt":"2025-02-05T09:03:52","guid":{"rendered":"https:\/\/www.sams-industrie.fr\/product\/pignon-cinematique-reference-imprimeuse-2\/"},"modified":"2025-02-19T12:05:39","modified_gmt":"2025-02-19T11:05:39","slug":"pignon-cinematique-reference-imprimeuse-2","status":"publish","type":"product","link":"https:\/\/www.sams-industrie.fr\/en\/product\/pignon-cinematique-reference-imprimeuse-2\/","title":{"rendered":"Kinematic pinion<br> Reference 300-103-027"},"content":{"rendered":"","protected":false},"excerpt":{"rendered":"<p>RAPIDEX RTA12<br \/> R\u00e9f\u00e9rence constructeur : 300-103-027<br \/> R\u00e9f\u00e9rences \u00e9quivalentes : 300103027 \/ M300103027 \/ RAP300103027<\/p>","protected":false},"featured_media":0,"comment_status":"open","ping_status":"closed","template":"","meta":[],"_links":{"self":[{"href":"https:\/\/www.sams-industrie.fr\/en\/wp-json\/wp\/v2\/product\/10983"}],"collection":[{"href":"https:\/\/www.sams-industrie.fr\/en\/wp-json\/wp\/v2\/product"}],"about":[{"href":"https:\/\/www.sams-industrie.fr\/en\/wp-json\/wp\/v2\/types\/product"}],"replies":[{"embeddable":true,"href":"https:\/\/www.sams-industrie.fr\/en\/wp-json\/wp\/v2\/comments?post=10983"}],"wp:attachment":[{"href":"https:\/\/www.sams-industrie.fr\/en\/wp-json\/wp\/v2\/media?parent=10983"}],"curies":[{"name":"wp","href":"https:\/\/api.w.org\/{rel}","templated":true}]}}