{"id":10973,"date":"2025-02-05T10:03:45","date_gmt":"2025-02-05T09:03:45","guid":{"rendered":"https:\/\/www.sams-industrie.fr\/product\/rogneur-superieur-reference\/"},"modified":"2025-02-19T12:05:32","modified_gmt":"2025-02-19T11:05:32","slug":"rogneur-superieur-reference","status":"publish","type":"product","link":"https:\/\/www.sams-industrie.fr\/en\/product\/rogneur-superieur-reference\/","title":{"rendered":"Upper Trimmer<br> Reference 200-300-045"},"content":{"rendered":"","protected":false},"excerpt":{"rendered":"<p>RAPIDEX RTA12<br \/> R\u00e9f\u00e9rence constructeur : 200-300-045<br \/> R\u00e9f\u00e9rences \u00e9quivalentes : 200300045 \/ M200300045 \/ RAP200300045<\/p>","protected":false},"featured_media":0,"comment_status":"open","ping_status":"closed","template":"","meta":[],"_links":{"self":[{"href":"https:\/\/www.sams-industrie.fr\/en\/wp-json\/wp\/v2\/product\/10973"}],"collection":[{"href":"https:\/\/www.sams-industrie.fr\/en\/wp-json\/wp\/v2\/product"}],"about":[{"href":"https:\/\/www.sams-industrie.fr\/en\/wp-json\/wp\/v2\/types\/product"}],"replies":[{"embeddable":true,"href":"https:\/\/www.sams-industrie.fr\/en\/wp-json\/wp\/v2\/comments?post=10973"}],"wp:attachment":[{"href":"https:\/\/www.sams-industrie.fr\/en\/wp-json\/wp\/v2\/media?parent=10973"}],"curies":[{"name":"wp","href":"https:\/\/api.w.org\/{rel}","templated":true}]}}