{"id":10972,"date":"2025-02-05T10:03:44","date_gmt":"2025-02-05T09:03:44","guid":{"rendered":"https:\/\/www.sams-industrie.fr\/product\/pastille-de-rivetage-reference-2\/"},"modified":"2025-02-19T12:05:31","modified_gmt":"2025-02-19T11:05:31","slug":"pastille-de-rivetage-reference-2","status":"publish","type":"product","link":"https:\/\/www.sams-industrie.fr\/en\/product\/pastille-de-rivetage-reference-2\/","title":{"rendered":"Riveting pad<br> Reference FJ-1021-023"},"content":{"rendered":"","protected":false},"excerpt":{"rendered":"<p>RAPIDEX, SAMS SMB12<br \/> R\u00e9f\u00e9rence constructeur : FJ-1021-023<br \/> R\u00e9f\u00e9rences \u00e9quivalentes : FJ1021023 \/ MFJ1021023 \/ RAPFJ1021023<\/p>","protected":false},"featured_media":0,"comment_status":"open","ping_status":"closed","template":"","meta":[],"_links":{"self":[{"href":"https:\/\/www.sams-industrie.fr\/en\/wp-json\/wp\/v2\/product\/10972"}],"collection":[{"href":"https:\/\/www.sams-industrie.fr\/en\/wp-json\/wp\/v2\/product"}],"about":[{"href":"https:\/\/www.sams-industrie.fr\/en\/wp-json\/wp\/v2\/types\/product"}],"replies":[{"embeddable":true,"href":"https:\/\/www.sams-industrie.fr\/en\/wp-json\/wp\/v2\/comments?post=10972"}],"wp:attachment":[{"href":"https:\/\/www.sams-industrie.fr\/en\/wp-json\/wp\/v2\/media?parent=10972"}],"curies":[{"name":"wp","href":"https:\/\/api.w.org\/{rel}","templated":true}]}}