{"id":10971,"date":"2025-02-05T10:03:44","date_gmt":"2025-02-05T09:03:44","guid":{"rendered":"https:\/\/www.sams-industrie.fr\/product\/cale-reference\/"},"modified":"2025-02-19T12:05:30","modified_gmt":"2025-02-19T11:05:30","slug":"cale-reference","status":"publish","type":"product","link":"https:\/\/www.sams-industrie.fr\/en\/product\/cale-reference\/","title":{"rendered":"Wedge<br> Reference FJ-1000-004"},"content":{"rendered":"","protected":false},"excerpt":{"rendered":"<p>RAPIDEX, SAMS SMB12<br \/> R\u00e9f\u00e9rence constructeur : FJ-1000-004<br \/> R\u00e9f\u00e9rences \u00e9quivalentes : FJ1000004 \/ MFJ1000004 \/ RAPFJ1000004<\/p>","protected":false},"featured_media":0,"comment_status":"open","ping_status":"closed","template":"","meta":[],"_links":{"self":[{"href":"https:\/\/www.sams-industrie.fr\/en\/wp-json\/wp\/v2\/product\/10971"}],"collection":[{"href":"https:\/\/www.sams-industrie.fr\/en\/wp-json\/wp\/v2\/product"}],"about":[{"href":"https:\/\/www.sams-industrie.fr\/en\/wp-json\/wp\/v2\/types\/product"}],"replies":[{"embeddable":true,"href":"https:\/\/www.sams-industrie.fr\/en\/wp-json\/wp\/v2\/comments?post=10971"}],"wp:attachment":[{"href":"https:\/\/www.sams-industrie.fr\/en\/wp-json\/wp\/v2\/media?parent=10971"}],"curies":[{"name":"wp","href":"https:\/\/api.w.org\/{rel}","templated":true}]}}