{"id":10969,"date":"2025-02-05T10:03:42","date_gmt":"2025-02-05T09:03:42","guid":{"rendered":"https:\/\/www.sams-industrie.fr\/product\/rondelle-reference-14\/"},"modified":"2025-02-19T12:05:29","modified_gmt":"2025-02-19T11:05:29","slug":"rondelle-reference-14","status":"publish","type":"product","link":"https:\/\/www.sams-industrie.fr\/en\/product\/rondelle-reference-14\/","title":{"rendered":"Washer<br> Reference R-8.5-30-5"},"content":{"rendered":"","protected":false},"excerpt":{"rendered":"<p>RAPIDEX <br \/> R\u00e9f\u00e9rence constructeur : R-8.5-30-5<br \/> R\u00e9f\u00e9rences \u00e9quivalentes : R85305 \/ MR85305 \/ RAPR85305<\/p>","protected":false},"featured_media":0,"comment_status":"open","ping_status":"closed","template":"","meta":[],"_links":{"self":[{"href":"https:\/\/www.sams-industrie.fr\/en\/wp-json\/wp\/v2\/product\/10969"}],"collection":[{"href":"https:\/\/www.sams-industrie.fr\/en\/wp-json\/wp\/v2\/product"}],"about":[{"href":"https:\/\/www.sams-industrie.fr\/en\/wp-json\/wp\/v2\/types\/product"}],"replies":[{"embeddable":true,"href":"https:\/\/www.sams-industrie.fr\/en\/wp-json\/wp\/v2\/comments?post=10969"}],"wp:attachment":[{"href":"https:\/\/www.sams-industrie.fr\/en\/wp-json\/wp\/v2\/media?parent=10969"}],"curies":[{"name":"wp","href":"https:\/\/api.w.org\/{rel}","templated":true}]}}