{"id":10968,"date":"2025-02-05T10:03:42","date_gmt":"2025-02-05T09:03:42","guid":{"rendered":"https:\/\/www.sams-industrie.fr\/product\/rondelle-reference-13\/"},"modified":"2025-02-19T12:05:28","modified_gmt":"2025-02-19T11:05:28","slug":"rondelle-reference-13","status":"publish","type":"product","link":"https:\/\/www.sams-industrie.fr\/en\/product\/rondelle-reference-13\/","title":{"rendered":"Washer<br> Reference R20.2-30-4"},"content":{"rendered":"","protected":false},"excerpt":{"rendered":"<p>RAPIDEX, SAMS SMB12<br \/> R\u00e9f\u00e9rence constructeur : R20.2-30-4<br \/> R\u00e9f\u00e9rences \u00e9quivalentes : R20.2-30-4 \/ MR20.2-30-4 \/ RAPR20.2-30-4<\/p>","protected":false},"featured_media":0,"comment_status":"open","ping_status":"closed","template":"","meta":[],"_links":{"self":[{"href":"https:\/\/www.sams-industrie.fr\/en\/wp-json\/wp\/v2\/product\/10968"}],"collection":[{"href":"https:\/\/www.sams-industrie.fr\/en\/wp-json\/wp\/v2\/product"}],"about":[{"href":"https:\/\/www.sams-industrie.fr\/en\/wp-json\/wp\/v2\/types\/product"}],"replies":[{"embeddable":true,"href":"https:\/\/www.sams-industrie.fr\/en\/wp-json\/wp\/v2\/comments?post=10968"}],"wp:attachment":[{"href":"https:\/\/www.sams-industrie.fr\/en\/wp-json\/wp\/v2\/media?parent=10968"}],"curies":[{"name":"wp","href":"https:\/\/api.w.org\/{rel}","templated":true}]}}