{"id":10967,"date":"2025-02-05T10:03:41","date_gmt":"2025-02-05T09:03:41","guid":{"rendered":"https:\/\/www.sams-industrie.fr\/product\/vis-de-centrage-reference\/"},"modified":"2025-11-03T15:55:27","modified_gmt":"2025-11-03T14:55:27","slug":"vis-de-centrage-reference","status":"publish","type":"product","link":"https:\/\/www.sams-industrie.fr\/en\/product\/vis-de-centrage-reference\/","title":{"rendered":"Centering screw<br> Reference GD-027-053"},"content":{"rendered":"","protected":false},"excerpt":{"rendered":"<p>RAPIDEX, SAMS SMB12<br \/>\nR\u00e9f\u00e9rence constructeur : GD-027-053<br \/>\nR\u00e9f\u00e9rences \u00e9quivalentes : GD027053 \/ MGD027053 \/ RAPGD027053<\/p>","protected":false},"featured_media":11716,"comment_status":"open","ping_status":"closed","template":"","meta":[],"_links":{"self":[{"href":"https:\/\/www.sams-industrie.fr\/en\/wp-json\/wp\/v2\/product\/10967"}],"collection":[{"href":"https:\/\/www.sams-industrie.fr\/en\/wp-json\/wp\/v2\/product"}],"about":[{"href":"https:\/\/www.sams-industrie.fr\/en\/wp-json\/wp\/v2\/types\/product"}],"replies":[{"embeddable":true,"href":"https:\/\/www.sams-industrie.fr\/en\/wp-json\/wp\/v2\/comments?post=10967"}],"wp:featuredmedia":[{"embeddable":true,"href":"https:\/\/www.sams-industrie.fr\/en\/wp-json\/wp\/v2\/media\/11716"}],"wp:attachment":[{"href":"https:\/\/www.sams-industrie.fr\/en\/wp-json\/wp\/v2\/media?parent=10967"}],"curies":[{"name":"wp","href":"https:\/\/api.w.org\/{rel}","templated":true}]}}