{"id":10965,"date":"2025-02-05T10:03:40","date_gmt":"2025-02-05T09:03:40","guid":{"rendered":"https:\/\/www.sams-industrie.fr\/product\/axe-de-debrayage-reference\/"},"modified":"2025-02-19T12:05:26","modified_gmt":"2025-02-19T11:05:26","slug":"axe-de-debrayage-reference","status":"publish","type":"product","link":"https:\/\/www.sams-industrie.fr\/en\/product\/axe-de-debrayage-reference\/","title":{"rendered":"Clutch shaft<br> Reference GF-027-027"},"content":{"rendered":"","protected":false},"excerpt":{"rendered":"<p>RAPIDEX, SAMS SMB12<br \/> R\u00e9f\u00e9rence constructeur : GF-027-027<br \/> R\u00e9f\u00e9rences \u00e9quivalentes : GF027027 \/ MGF027027 \/ RAPGF027027<\/p>","protected":false},"featured_media":0,"comment_status":"open","ping_status":"closed","template":"","meta":[],"_links":{"self":[{"href":"https:\/\/www.sams-industrie.fr\/en\/wp-json\/wp\/v2\/product\/10965"}],"collection":[{"href":"https:\/\/www.sams-industrie.fr\/en\/wp-json\/wp\/v2\/product"}],"about":[{"href":"https:\/\/www.sams-industrie.fr\/en\/wp-json\/wp\/v2\/types\/product"}],"replies":[{"embeddable":true,"href":"https:\/\/www.sams-industrie.fr\/en\/wp-json\/wp\/v2\/comments?post=10965"}],"wp:attachment":[{"href":"https:\/\/www.sams-industrie.fr\/en\/wp-json\/wp\/v2\/media?parent=10965"}],"curies":[{"name":"wp","href":"https:\/\/api.w.org\/{rel}","templated":true}]}}