{"id":10964,"date":"2025-02-05T10:03:39","date_gmt":"2025-02-05T09:03:39","guid":{"rendered":"https:\/\/www.sams-industrie.fr\/product\/rondelle-reference-12\/"},"modified":"2025-02-19T12:05:25","modified_gmt":"2025-02-19T11:05:25","slug":"rondelle-reference-12","status":"publish","type":"product","link":"https:\/\/www.sams-industrie.fr\/en\/product\/rondelle-reference-12\/","title":{"rendered":"Washer<br> Reference GF-027-016"},"content":{"rendered":"","protected":false},"excerpt":{"rendered":"<p>RAPIDEX, SAMS SMB12<br \/> R\u00e9f\u00e9rence constructeur : GF-027-016<br \/> R\u00e9f\u00e9rences \u00e9quivalentes : GF027016 \/ MGF027016 \/ RAPGF027016<\/p>","protected":false},"featured_media":0,"comment_status":"open","ping_status":"closed","template":"","meta":[],"_links":{"self":[{"href":"https:\/\/www.sams-industrie.fr\/en\/wp-json\/wp\/v2\/product\/10964"}],"collection":[{"href":"https:\/\/www.sams-industrie.fr\/en\/wp-json\/wp\/v2\/product"}],"about":[{"href":"https:\/\/www.sams-industrie.fr\/en\/wp-json\/wp\/v2\/types\/product"}],"replies":[{"embeddable":true,"href":"https:\/\/www.sams-industrie.fr\/en\/wp-json\/wp\/v2\/comments?post=10964"}],"wp:attachment":[{"href":"https:\/\/www.sams-industrie.fr\/en\/wp-json\/wp\/v2\/media?parent=10964"}],"curies":[{"name":"wp","href":"https:\/\/api.w.org\/{rel}","templated":true}]}}