{"id":10960,"date":"2025-02-05T10:03:37","date_gmt":"2025-02-05T09:03:37","guid":{"rendered":"https:\/\/www.sams-industrie.fr\/product\/rondelle-reference-10\/"},"modified":"2025-02-19T12:05:22","modified_gmt":"2025-02-19T11:05:22","slug":"rondelle-reference-10","status":"publish","type":"product","link":"https:\/\/www.sams-industrie.fr\/en\/product\/rondelle-reference-10\/","title":{"rendered":"Washer<br> Reference DR2-004"},"content":{"rendered":"","protected":false},"excerpt":{"rendered":"<p>RAPIDEX, SAMS DR2 \u2013 SMB12<br \/> R\u00e9f\u00e9rence constructeur : DR2-004<br \/> R\u00e9f\u00e9rences \u00e9quivalentes : DR2004 \/ MDR2004 \/ RAPDR2004<\/p>","protected":false},"featured_media":0,"comment_status":"open","ping_status":"closed","template":"","meta":[],"_links":{"self":[{"href":"https:\/\/www.sams-industrie.fr\/en\/wp-json\/wp\/v2\/product\/10960"}],"collection":[{"href":"https:\/\/www.sams-industrie.fr\/en\/wp-json\/wp\/v2\/product"}],"about":[{"href":"https:\/\/www.sams-industrie.fr\/en\/wp-json\/wp\/v2\/types\/product"}],"replies":[{"embeddable":true,"href":"https:\/\/www.sams-industrie.fr\/en\/wp-json\/wp\/v2\/comments?post=10960"}],"wp:attachment":[{"href":"https:\/\/www.sams-industrie.fr\/en\/wp-json\/wp\/v2\/media?parent=10960"}],"curies":[{"name":"wp","href":"https:\/\/api.w.org\/{rel}","templated":true}]}}