{"id":10958,"date":"2025-02-05T10:03:36","date_gmt":"2025-02-05T09:03:36","guid":{"rendered":"https:\/\/www.sams-industrie.fr\/product\/palier-reference-2\/"},"modified":"2025-02-19T12:05:18","modified_gmt":"2025-02-19T11:05:18","slug":"palier-reference-2","status":"publish","type":"product","link":"https:\/\/www.sams-industrie.fr\/en\/product\/palier-reference-2\/","title":{"rendered":"Landing<br> Reference GD-027-072"},"content":{"rendered":"","protected":false},"excerpt":{"rendered":"<p>RAPIDEX, SAMS SMB12<br \/> R\u00e9f\u00e9rence constructeur : GD-027-072<br \/> R\u00e9f\u00e9rences \u00e9quivalentes : GD027072 \/ MGD027072 \/ RAPGD027072<\/p>","protected":false},"featured_media":0,"comment_status":"open","ping_status":"closed","template":"","meta":[],"_links":{"self":[{"href":"https:\/\/www.sams-industrie.fr\/en\/wp-json\/wp\/v2\/product\/10958"}],"collection":[{"href":"https:\/\/www.sams-industrie.fr\/en\/wp-json\/wp\/v2\/product"}],"about":[{"href":"https:\/\/www.sams-industrie.fr\/en\/wp-json\/wp\/v2\/types\/product"}],"replies":[{"embeddable":true,"href":"https:\/\/www.sams-industrie.fr\/en\/wp-json\/wp\/v2\/comments?post=10958"}],"wp:attachment":[{"href":"https:\/\/www.sams-industrie.fr\/en\/wp-json\/wp\/v2\/media?parent=10958"}],"curies":[{"name":"wp","href":"https:\/\/api.w.org\/{rel}","templated":true}]}}