{"id":10957,"date":"2025-02-05T10:03:35","date_gmt":"2025-02-05T09:03:35","guid":{"rendered":"https:\/\/www.sams-industrie.fr\/product\/bras-reference\/"},"modified":"2025-02-19T12:05:18","modified_gmt":"2025-02-19T11:05:18","slug":"bras-reference","status":"publish","type":"product","link":"https:\/\/www.sams-industrie.fr\/en\/product\/bras-reference\/","title":{"rendered":"Arm<br> Reference GD-027-074"},"content":{"rendered":"","protected":false},"excerpt":{"rendered":"<p>RAPIDEX, SAMS SMB12<br \/> R\u00e9f\u00e9rence constructeur : GD-027-074<br \/> R\u00e9f\u00e9rences \u00e9quivalentes : GD027074 \/ MGD027074 \/ RAPGD027074<\/p>","protected":false},"featured_media":0,"comment_status":"open","ping_status":"closed","template":"","meta":[],"_links":{"self":[{"href":"https:\/\/www.sams-industrie.fr\/en\/wp-json\/wp\/v2\/product\/10957"}],"collection":[{"href":"https:\/\/www.sams-industrie.fr\/en\/wp-json\/wp\/v2\/product"}],"about":[{"href":"https:\/\/www.sams-industrie.fr\/en\/wp-json\/wp\/v2\/types\/product"}],"replies":[{"embeddable":true,"href":"https:\/\/www.sams-industrie.fr\/en\/wp-json\/wp\/v2\/comments?post=10957"}],"wp:attachment":[{"href":"https:\/\/www.sams-industrie.fr\/en\/wp-json\/wp\/v2\/media?parent=10957"}],"curies":[{"name":"wp","href":"https:\/\/api.w.org\/{rel}","templated":true}]}}