{"id":10956,"date":"2025-02-05T10:03:35","date_gmt":"2025-02-05T09:03:35","guid":{"rendered":"https:\/\/www.sams-industrie.fr\/product\/support-reference-4\/"},"modified":"2025-02-19T12:05:17","modified_gmt":"2025-02-19T11:05:17","slug":"support-reference-4","status":"publish","type":"product","link":"https:\/\/www.sams-industrie.fr\/en\/product\/support-reference-4\/","title":{"rendered":"Support <br> Reference FJ-1018-101"},"content":{"rendered":"","protected":false},"excerpt":{"rendered":"<p>RAPIDEX, SAMS DR2 \u2013 SMB12<br \/> R\u00e9f\u00e9rence constructeur : FJ-1018-101<br \/> R\u00e9f\u00e9rences \u00e9quivalentes : FJ1018101 \/ MFJ1018101 \/ RAPFJ1018101<\/p>","protected":false},"featured_media":0,"comment_status":"open","ping_status":"closed","template":"","meta":[],"_links":{"self":[{"href":"https:\/\/www.sams-industrie.fr\/en\/wp-json\/wp\/v2\/product\/10956"}],"collection":[{"href":"https:\/\/www.sams-industrie.fr\/en\/wp-json\/wp\/v2\/product"}],"about":[{"href":"https:\/\/www.sams-industrie.fr\/en\/wp-json\/wp\/v2\/types\/product"}],"replies":[{"embeddable":true,"href":"https:\/\/www.sams-industrie.fr\/en\/wp-json\/wp\/v2\/comments?post=10956"}],"wp:attachment":[{"href":"https:\/\/www.sams-industrie.fr\/en\/wp-json\/wp\/v2\/media?parent=10956"}],"curies":[{"name":"wp","href":"https:\/\/api.w.org\/{rel}","templated":true}]}}