{"id":10955,"date":"2025-02-05T10:03:34","date_gmt":"2025-02-05T09:03:34","guid":{"rendered":"https:\/\/www.sams-industrie.fr\/product\/entretoise-reference-13\/"},"modified":"2025-02-19T12:05:16","modified_gmt":"2025-02-19T11:05:16","slug":"entretoise-reference-13","status":"publish","type":"product","link":"https:\/\/www.sams-industrie.fr\/en\/product\/entretoise-reference-13\/","title":{"rendered":"Spacer<br> Reference FJ-1017-015"},"content":{"rendered":"","protected":false},"excerpt":{"rendered":"<p>RAPIDEX, SAMS SMB12<br \/> R\u00e9f\u00e9rence constructeur : FJ-1017-015<br \/> R\u00e9f\u00e9rences \u00e9quivalentes : FJ1017015 \/ MFJ1017015 \/ RAPFJ1017015<\/p>","protected":false},"featured_media":0,"comment_status":"open","ping_status":"closed","template":"","meta":[],"_links":{"self":[{"href":"https:\/\/www.sams-industrie.fr\/en\/wp-json\/wp\/v2\/product\/10955"}],"collection":[{"href":"https:\/\/www.sams-industrie.fr\/en\/wp-json\/wp\/v2\/product"}],"about":[{"href":"https:\/\/www.sams-industrie.fr\/en\/wp-json\/wp\/v2\/types\/product"}],"replies":[{"embeddable":true,"href":"https:\/\/www.sams-industrie.fr\/en\/wp-json\/wp\/v2\/comments?post=10955"}],"wp:attachment":[{"href":"https:\/\/www.sams-industrie.fr\/en\/wp-json\/wp\/v2\/media?parent=10955"}],"curies":[{"name":"wp","href":"https:\/\/api.w.org\/{rel}","templated":true}]}}