{"id":10952,"date":"2025-02-05T10:03:32","date_gmt":"2025-02-05T09:03:32","guid":{"rendered":"https:\/\/www.sams-industrie.fr\/product\/poulie-reference-9\/"},"modified":"2025-02-19T12:05:14","modified_gmt":"2025-02-19T11:05:14","slug":"poulie-reference-9","status":"publish","type":"product","link":"https:\/\/www.sams-industrie.fr\/en\/product\/poulie-reference-9\/","title":{"rendered":"Pulley<br> Reference FJ-1017-011"},"content":{"rendered":"","protected":false},"excerpt":{"rendered":"<p>RAPIDEX, SAMS SMB12<br \/> R\u00e9f\u00e9rence constructeur : FJ-1017-011<br \/> R\u00e9f\u00e9rences \u00e9quivalentes : FJ1017011 \/ MFJ1017011 \/ RAPFJ1017011<\/p>","protected":false},"featured_media":0,"comment_status":"open","ping_status":"closed","template":"","meta":[],"_links":{"self":[{"href":"https:\/\/www.sams-industrie.fr\/en\/wp-json\/wp\/v2\/product\/10952"}],"collection":[{"href":"https:\/\/www.sams-industrie.fr\/en\/wp-json\/wp\/v2\/product"}],"about":[{"href":"https:\/\/www.sams-industrie.fr\/en\/wp-json\/wp\/v2\/types\/product"}],"replies":[{"embeddable":true,"href":"https:\/\/www.sams-industrie.fr\/en\/wp-json\/wp\/v2\/comments?post=10952"}],"wp:attachment":[{"href":"https:\/\/www.sams-industrie.fr\/en\/wp-json\/wp\/v2\/media?parent=10952"}],"curies":[{"name":"wp","href":"https:\/\/api.w.org\/{rel}","templated":true}]}}