{"id":10951,"date":"2025-02-05T10:03:32","date_gmt":"2025-02-05T09:03:32","guid":{"rendered":"https:\/\/www.sams-industrie.fr\/product\/arbre-de-commande-reference-5\/"},"modified":"2025-02-19T12:05:13","modified_gmt":"2025-02-19T11:05:13","slug":"arbre-de-commande-reference-5","status":"publish","type":"product","link":"https:\/\/www.sams-industrie.fr\/en\/product\/arbre-de-commande-reference-5\/","title":{"rendered":"Control shaft<br> Reference FJ-1017-009"},"content":{"rendered":"","protected":false},"excerpt":{"rendered":"<p>RAPIDEX, SAMS SMB12<br \/> R\u00e9f\u00e9rence constructeur : FJ-1017-009<br \/> R\u00e9f\u00e9rences \u00e9quivalentes : FJ1017009 \/ MFJ1017009 \/ RAPFJ1017009<\/p>","protected":false},"featured_media":0,"comment_status":"open","ping_status":"closed","template":"","meta":[],"_links":{"self":[{"href":"https:\/\/www.sams-industrie.fr\/en\/wp-json\/wp\/v2\/product\/10951"}],"collection":[{"href":"https:\/\/www.sams-industrie.fr\/en\/wp-json\/wp\/v2\/product"}],"about":[{"href":"https:\/\/www.sams-industrie.fr\/en\/wp-json\/wp\/v2\/types\/product"}],"replies":[{"embeddable":true,"href":"https:\/\/www.sams-industrie.fr\/en\/wp-json\/wp\/v2\/comments?post=10951"}],"wp:attachment":[{"href":"https:\/\/www.sams-industrie.fr\/en\/wp-json\/wp\/v2\/media?parent=10951"}],"curies":[{"name":"wp","href":"https:\/\/api.w.org\/{rel}","templated":true}]}}