{"id":10949,"date":"2025-02-05T10:03:30","date_gmt":"2025-02-05T09:03:30","guid":{"rendered":"https:\/\/www.sams-industrie.fr\/product\/support-de-lame-reference-2\/"},"modified":"2025-02-19T12:05:12","modified_gmt":"2025-02-19T11:05:12","slug":"support-de-lame-reference-2","status":"publish","type":"product","link":"https:\/\/www.sams-industrie.fr\/en\/product\/support-de-lame-reference-2\/","title":{"rendered":"Blade holder<br> Reference FJ-1018-102"},"content":{"rendered":"","protected":false},"excerpt":{"rendered":"<p>RAPIDEX, SAMS SMB12<br \/> R\u00e9f\u00e9rence constructeur : FJ-1018-102<br \/> R\u00e9f\u00e9rences \u00e9quivalentes : FJ1018102 \/ MFJ1018102 \/ RAPFJ1018102<\/p>","protected":false},"featured_media":0,"comment_status":"open","ping_status":"closed","template":"","meta":[],"_links":{"self":[{"href":"https:\/\/www.sams-industrie.fr\/en\/wp-json\/wp\/v2\/product\/10949"}],"collection":[{"href":"https:\/\/www.sams-industrie.fr\/en\/wp-json\/wp\/v2\/product"}],"about":[{"href":"https:\/\/www.sams-industrie.fr\/en\/wp-json\/wp\/v2\/types\/product"}],"replies":[{"embeddable":true,"href":"https:\/\/www.sams-industrie.fr\/en\/wp-json\/wp\/v2\/comments?post=10949"}],"wp:attachment":[{"href":"https:\/\/www.sams-industrie.fr\/en\/wp-json\/wp\/v2\/media?parent=10949"}],"curies":[{"name":"wp","href":"https:\/\/api.w.org\/{rel}","templated":true}]}}