{"id":10945,"date":"2025-02-05T10:03:28","date_gmt":"2025-02-05T09:03:28","guid":{"rendered":"https:\/\/www.sams-industrie.fr\/product\/palier-renvoi-reference\/"},"modified":"2025-02-19T12:05:09","modified_gmt":"2025-02-19T11:05:09","slug":"palier-renvoi-reference","status":"publish","type":"product","link":"https:\/\/www.sams-industrie.fr\/en\/product\/palier-renvoi-reference\/","title":{"rendered":"Return bearing<br> Reference FJ-1017-005"},"content":{"rendered":"","protected":false},"excerpt":{"rendered":"<p>RAPIDEX, SAMS SMB12<br \/> R\u00e9f\u00e9rence constructeur : FJ-1017-005<br \/> R\u00e9f\u00e9rences \u00e9quivalentes : FJ1017005 \/ MFJ1017005 \/ RAPFJ1017005<\/p>","protected":false},"featured_media":0,"comment_status":"open","ping_status":"closed","template":"","meta":[],"_links":{"self":[{"href":"https:\/\/www.sams-industrie.fr\/en\/wp-json\/wp\/v2\/product\/10945"}],"collection":[{"href":"https:\/\/www.sams-industrie.fr\/en\/wp-json\/wp\/v2\/product"}],"about":[{"href":"https:\/\/www.sams-industrie.fr\/en\/wp-json\/wp\/v2\/types\/product"}],"replies":[{"embeddable":true,"href":"https:\/\/www.sams-industrie.fr\/en\/wp-json\/wp\/v2\/comments?post=10945"}],"wp:attachment":[{"href":"https:\/\/www.sams-industrie.fr\/en\/wp-json\/wp\/v2\/media?parent=10945"}],"curies":[{"name":"wp","href":"https:\/\/api.w.org\/{rel}","templated":true}]}}