{"id":10941,"date":"2025-02-05T10:03:25","date_gmt":"2025-02-05T09:03:25","guid":{"rendered":"https:\/\/www.sams-industrie.fr\/product\/entretoise-reference-10\/"},"modified":"2025-02-19T12:05:06","modified_gmt":"2025-02-19T11:05:06","slug":"entretoise-reference-10","status":"publish","type":"product","link":"https:\/\/www.sams-industrie.fr\/en\/product\/entretoise-reference-10\/","title":{"rendered":"Spacer<br> Reference FJ-0130-09"},"content":{"rendered":"","protected":false},"excerpt":{"rendered":"<p>RAPIDEX, SAMS SMB12<br \/> R\u00e9f\u00e9rence constructeur : FJ-0130-09<br \/> R\u00e9f\u00e9rences \u00e9quivalentes : FJ013009 \/ MFJ013009 \/ RAPFJ013009<\/p>","protected":false},"featured_media":0,"comment_status":"open","ping_status":"closed","template":"","meta":[],"_links":{"self":[{"href":"https:\/\/www.sams-industrie.fr\/en\/wp-json\/wp\/v2\/product\/10941"}],"collection":[{"href":"https:\/\/www.sams-industrie.fr\/en\/wp-json\/wp\/v2\/product"}],"about":[{"href":"https:\/\/www.sams-industrie.fr\/en\/wp-json\/wp\/v2\/types\/product"}],"replies":[{"embeddable":true,"href":"https:\/\/www.sams-industrie.fr\/en\/wp-json\/wp\/v2\/comments?post=10941"}],"wp:attachment":[{"href":"https:\/\/www.sams-industrie.fr\/en\/wp-json\/wp\/v2\/media?parent=10941"}],"curies":[{"name":"wp","href":"https:\/\/api.w.org\/{rel}","templated":true}]}}