{"id":10940,"date":"2025-02-05T10:03:24","date_gmt":"2025-02-05T09:03:24","guid":{"rendered":"https:\/\/www.sams-industrie.fr\/product\/rondelle-reference-9\/"},"modified":"2025-02-19T12:05:06","modified_gmt":"2025-02-19T11:05:06","slug":"rondelle-reference-9","status":"publish","type":"product","link":"https:\/\/www.sams-industrie.fr\/en\/product\/rondelle-reference-9\/","title":{"rendered":"Washer<br> Reference R-17-45-6"},"content":{"rendered":"","protected":false},"excerpt":{"rendered":"<p>RAPIDEX, SAMS SMB12<br \/> R\u00e9f\u00e9rence constructeur : R-17-45-6<br \/> R\u00e9f\u00e9rences \u00e9quivalentes : R17456 \/ MR17456 \/ RAPR17456<\/p>","protected":false},"featured_media":0,"comment_status":"open","ping_status":"closed","template":"","meta":[],"_links":{"self":[{"href":"https:\/\/www.sams-industrie.fr\/en\/wp-json\/wp\/v2\/product\/10940"}],"collection":[{"href":"https:\/\/www.sams-industrie.fr\/en\/wp-json\/wp\/v2\/product"}],"about":[{"href":"https:\/\/www.sams-industrie.fr\/en\/wp-json\/wp\/v2\/types\/product"}],"replies":[{"embeddable":true,"href":"https:\/\/www.sams-industrie.fr\/en\/wp-json\/wp\/v2\/comments?post=10940"}],"wp:attachment":[{"href":"https:\/\/www.sams-industrie.fr\/en\/wp-json\/wp\/v2\/media?parent=10940"}],"curies":[{"name":"wp","href":"https:\/\/api.w.org\/{rel}","templated":true}]}}