{"id":10938,"date":"2025-02-05T10:03:23","date_gmt":"2025-02-05T09:03:23","guid":{"rendered":"https:\/\/www.sams-industrie.fr\/product\/arbre-de-renvoi-reference\/"},"modified":"2025-02-19T12:05:04","modified_gmt":"2025-02-19T11:05:04","slug":"arbre-de-renvoi-reference","status":"publish","type":"product","link":"https:\/\/www.sams-industrie.fr\/en\/product\/arbre-de-renvoi-reference\/","title":{"rendered":"Countershaft<br> Reference FJ-1017-004"},"content":{"rendered":"","protected":false},"excerpt":{"rendered":"<p>RAPIDEX, SAMS SMB12<br \/> R\u00e9f\u00e9rence constructeur : FJ-1017-004<br \/> R\u00e9f\u00e9rences \u00e9quivalentes : FJ1017004 \/ MFJ1017004 \/ RAPFJ1017004<\/p>","protected":false},"featured_media":0,"comment_status":"open","ping_status":"closed","template":"","meta":[],"_links":{"self":[{"href":"https:\/\/www.sams-industrie.fr\/en\/wp-json\/wp\/v2\/product\/10938"}],"collection":[{"href":"https:\/\/www.sams-industrie.fr\/en\/wp-json\/wp\/v2\/product"}],"about":[{"href":"https:\/\/www.sams-industrie.fr\/en\/wp-json\/wp\/v2\/types\/product"}],"replies":[{"embeddable":true,"href":"https:\/\/www.sams-industrie.fr\/en\/wp-json\/wp\/v2\/comments?post=10938"}],"wp:attachment":[{"href":"https:\/\/www.sams-industrie.fr\/en\/wp-json\/wp\/v2\/media?parent=10938"}],"curies":[{"name":"wp","href":"https:\/\/api.w.org\/{rel}","templated":true}]}}