{"id":10935,"date":"2025-02-05T10:03:21","date_gmt":"2025-02-05T09:03:21","guid":{"rendered":"https:\/\/www.sams-industrie.fr\/product\/poulie-reference-8\/"},"modified":"2025-02-19T12:05:02","modified_gmt":"2025-02-19T11:05:02","slug":"poulie-reference-8","status":"publish","type":"product","link":"https:\/\/www.sams-industrie.fr\/en\/product\/poulie-reference-8\/","title":{"rendered":"Pulley<br> Reference RF-1A17-013"},"content":{"rendered":"","protected":false},"excerpt":{"rendered":"<p>RAPIDEX, SAMS SMB12<br \/> R\u00e9f\u00e9rence constructeur : RF-1A17-013<br \/> R\u00e9f\u00e9rences \u00e9quivalentes : RF1A17013 \/ MRF1A17013 \/ RAPRF1A17013<\/p>","protected":false},"featured_media":0,"comment_status":"open","ping_status":"closed","template":"","meta":[],"_links":{"self":[{"href":"https:\/\/www.sams-industrie.fr\/en\/wp-json\/wp\/v2\/product\/10935"}],"collection":[{"href":"https:\/\/www.sams-industrie.fr\/en\/wp-json\/wp\/v2\/product"}],"about":[{"href":"https:\/\/www.sams-industrie.fr\/en\/wp-json\/wp\/v2\/types\/product"}],"replies":[{"embeddable":true,"href":"https:\/\/www.sams-industrie.fr\/en\/wp-json\/wp\/v2\/comments?post=10935"}],"wp:attachment":[{"href":"https:\/\/www.sams-industrie.fr\/en\/wp-json\/wp\/v2\/media?parent=10935"}],"curies":[{"name":"wp","href":"https:\/\/api.w.org\/{rel}","templated":true}]}}