{"id":10932,"date":"2025-02-05T10:03:20","date_gmt":"2025-02-05T09:03:20","guid":{"rendered":"https:\/\/www.sams-industrie.fr\/product\/bride-reference\/"},"modified":"2025-02-19T12:05:00","modified_gmt":"2025-02-19T11:05:00","slug":"bride-reference","status":"publish","type":"product","link":"https:\/\/www.sams-industrie.fr\/en\/product\/bride-reference\/","title":{"rendered":"Flange<br> Reference FJ-2000-006"},"content":{"rendered":"","protected":false},"excerpt":{"rendered":"<p>RAPIDEX, SAMS SMB12<br \/> R\u00e9f\u00e9rence constructeur : FJ-2000-006<br \/> R\u00e9f\u00e9rences \u00e9quivalentes : FJ2000006 \/ MFJ2000006 \/ RAPFJ2000006<\/p>","protected":false},"featured_media":0,"comment_status":"open","ping_status":"closed","template":"","meta":[],"_links":{"self":[{"href":"https:\/\/www.sams-industrie.fr\/en\/wp-json\/wp\/v2\/product\/10932"}],"collection":[{"href":"https:\/\/www.sams-industrie.fr\/en\/wp-json\/wp\/v2\/product"}],"about":[{"href":"https:\/\/www.sams-industrie.fr\/en\/wp-json\/wp\/v2\/types\/product"}],"replies":[{"embeddable":true,"href":"https:\/\/www.sams-industrie.fr\/en\/wp-json\/wp\/v2\/comments?post=10932"}],"wp:attachment":[{"href":"https:\/\/www.sams-industrie.fr\/en\/wp-json\/wp\/v2\/media?parent=10932"}],"curies":[{"name":"wp","href":"https:\/\/api.w.org\/{rel}","templated":true}]}}