{"id":10931,"date":"2025-02-05T10:03:19","date_gmt":"2025-02-05T09:03:19","guid":{"rendered":"https:\/\/www.sams-industrie.fr\/product\/entretoise-reference-9\/"},"modified":"2025-02-19T12:05:00","modified_gmt":"2025-02-19T11:05:00","slug":"entretoise-reference-9","status":"publish","type":"product","link":"https:\/\/www.sams-industrie.fr\/en\/product\/entretoise-reference-9\/","title":{"rendered":"Spacer<br> Reference FJ-2000-005"},"content":{"rendered":"","protected":false},"excerpt":{"rendered":"<p>RAPIDEX, SAMS SMB12<br \/> R\u00e9f\u00e9rence constructeur : FJ-2000-005<br \/> R\u00e9f\u00e9rences \u00e9quivalentes : FJ2000005 \/ MFJ2000005 \/ RAPFJ2000005<\/p>","protected":false},"featured_media":0,"comment_status":"open","ping_status":"closed","template":"","meta":[],"_links":{"self":[{"href":"https:\/\/www.sams-industrie.fr\/en\/wp-json\/wp\/v2\/product\/10931"}],"collection":[{"href":"https:\/\/www.sams-industrie.fr\/en\/wp-json\/wp\/v2\/product"}],"about":[{"href":"https:\/\/www.sams-industrie.fr\/en\/wp-json\/wp\/v2\/types\/product"}],"replies":[{"embeddable":true,"href":"https:\/\/www.sams-industrie.fr\/en\/wp-json\/wp\/v2\/comments?post=10931"}],"wp:attachment":[{"href":"https:\/\/www.sams-industrie.fr\/en\/wp-json\/wp\/v2\/media?parent=10931"}],"curies":[{"name":"wp","href":"https:\/\/api.w.org\/{rel}","templated":true}]}}