{"id":10930,"date":"2025-02-05T10:03:18","date_gmt":"2025-02-05T09:03:18","guid":{"rendered":"https:\/\/www.sams-industrie.fr\/product\/renfort-de-bras-reference\/"},"modified":"2025-02-19T12:04:59","modified_gmt":"2025-02-19T11:04:59","slug":"renfort-de-bras-reference","status":"publish","type":"product","link":"https:\/\/www.sams-industrie.fr\/en\/product\/renfort-de-bras-reference\/","title":{"rendered":"Arm reinforcement<br> Reference FJ-2000-003"},"content":{"rendered":"","protected":false},"excerpt":{"rendered":"<p>RAPIDEX, SAMS SMB12<br \/> R\u00e9f\u00e9rence constructeur : FJ-2000-003<br \/> R\u00e9f\u00e9rences \u00e9quivalentes : FJ2000003 \/ MFJ2000003 \/ RAPFJ2000003<\/p>","protected":false},"featured_media":0,"comment_status":"open","ping_status":"closed","template":"","meta":[],"_links":{"self":[{"href":"https:\/\/www.sams-industrie.fr\/en\/wp-json\/wp\/v2\/product\/10930"}],"collection":[{"href":"https:\/\/www.sams-industrie.fr\/en\/wp-json\/wp\/v2\/product"}],"about":[{"href":"https:\/\/www.sams-industrie.fr\/en\/wp-json\/wp\/v2\/types\/product"}],"replies":[{"embeddable":true,"href":"https:\/\/www.sams-industrie.fr\/en\/wp-json\/wp\/v2\/comments?post=10930"}],"wp:attachment":[{"href":"https:\/\/www.sams-industrie.fr\/en\/wp-json\/wp\/v2\/media?parent=10930"}],"curies":[{"name":"wp","href":"https:\/\/api.w.org\/{rel}","templated":true}]}}