{"id":10923,"date":"2025-02-05T10:03:14","date_gmt":"2025-02-05T09:03:14","guid":{"rendered":"https:\/\/www.sams-industrie.fr\/product\/support-detecteur-reference\/"},"modified":"2025-02-19T12:04:53","modified_gmt":"2025-02-19T11:04:53","slug":"support-detecteur-reference","status":"publish","type":"product","link":"https:\/\/www.sams-industrie.fr\/en\/product\/support-detecteur-reference\/","title":{"rendered":"Detector support<br> Reference FJ-1015-006"},"content":{"rendered":"","protected":false},"excerpt":{"rendered":"<p>RAPIDEX, SAMS SMB12<br \/> R\u00e9f\u00e9rence constructeur : FJ-1015-006<br \/> R\u00e9f\u00e9rences \u00e9quivalentes : FJ1015006 \/ MFJ1015006 \/ RAPFJ1015006<\/p>","protected":false},"featured_media":0,"comment_status":"open","ping_status":"closed","template":"","meta":[],"_links":{"self":[{"href":"https:\/\/www.sams-industrie.fr\/en\/wp-json\/wp\/v2\/product\/10923"}],"collection":[{"href":"https:\/\/www.sams-industrie.fr\/en\/wp-json\/wp\/v2\/product"}],"about":[{"href":"https:\/\/www.sams-industrie.fr\/en\/wp-json\/wp\/v2\/types\/product"}],"replies":[{"embeddable":true,"href":"https:\/\/www.sams-industrie.fr\/en\/wp-json\/wp\/v2\/comments?post=10923"}],"wp:attachment":[{"href":"https:\/\/www.sams-industrie.fr\/en\/wp-json\/wp\/v2\/media?parent=10923"}],"curies":[{"name":"wp","href":"https:\/\/api.w.org\/{rel}","templated":true}]}}