{"id":10922,"date":"2025-02-05T10:03:13","date_gmt":"2025-02-05T09:03:13","guid":{"rendered":"https:\/\/www.sams-industrie.fr\/product\/came-reference\/"},"modified":"2025-02-19T12:04:52","modified_gmt":"2025-02-19T11:04:52","slug":"came-reference","status":"publish","type":"product","link":"https:\/\/www.sams-industrie.fr\/en\/product\/came-reference\/","title":{"rendered":"Cam<br> Reference FJ-1015-005"},"content":{"rendered":"","protected":false},"excerpt":{"rendered":"<p>RAPIDEX, SAMS SMB12<br \/> R\u00e9f\u00e9rence constructeur : FJ-1015-005<br \/> R\u00e9f\u00e9rences \u00e9quivalentes : FJ1015005 \/ MFJ1015005 \/ RAPFJ1015005<\/p>","protected":false},"featured_media":0,"comment_status":"open","ping_status":"closed","template":"","meta":[],"_links":{"self":[{"href":"https:\/\/www.sams-industrie.fr\/en\/wp-json\/wp\/v2\/product\/10922"}],"collection":[{"href":"https:\/\/www.sams-industrie.fr\/en\/wp-json\/wp\/v2\/product"}],"about":[{"href":"https:\/\/www.sams-industrie.fr\/en\/wp-json\/wp\/v2\/types\/product"}],"replies":[{"embeddable":true,"href":"https:\/\/www.sams-industrie.fr\/en\/wp-json\/wp\/v2\/comments?post=10922"}],"wp:attachment":[{"href":"https:\/\/www.sams-industrie.fr\/en\/wp-json\/wp\/v2\/media?parent=10922"}],"curies":[{"name":"wp","href":"https:\/\/api.w.org\/{rel}","templated":true}]}}