{"id":10921,"date":"2025-02-05T10:03:13","date_gmt":"2025-02-05T09:03:13","guid":{"rendered":"https:\/\/www.sams-industrie.fr\/product\/pousse-cul-reference\/"},"modified":"2025-02-19T12:04:51","modified_gmt":"2025-02-19T11:04:51","slug":"pousse-cul-reference","status":"publish","type":"product","link":"https:\/\/www.sams-industrie.fr\/en\/product\/pousse-cul-reference\/","title":{"rendered":"Ass pusher<br> Reference FJ-1015-004"},"content":{"rendered":"","protected":false},"excerpt":{"rendered":"<p>RAPIDEX, SAMS SMB12<br \/> R\u00e9f\u00e9rence constructeur : FJ-1015-004<br \/> R\u00e9f\u00e9rences \u00e9quivalentes : FJ1015004 \/ MFJ1015004 \/ RAPFJ1015004<\/p>","protected":false},"featured_media":0,"comment_status":"open","ping_status":"closed","template":"","meta":[],"_links":{"self":[{"href":"https:\/\/www.sams-industrie.fr\/en\/wp-json\/wp\/v2\/product\/10921"}],"collection":[{"href":"https:\/\/www.sams-industrie.fr\/en\/wp-json\/wp\/v2\/product"}],"about":[{"href":"https:\/\/www.sams-industrie.fr\/en\/wp-json\/wp\/v2\/types\/product"}],"replies":[{"embeddable":true,"href":"https:\/\/www.sams-industrie.fr\/en\/wp-json\/wp\/v2\/comments?post=10921"}],"wp:attachment":[{"href":"https:\/\/www.sams-industrie.fr\/en\/wp-json\/wp\/v2\/media?parent=10921"}],"curies":[{"name":"wp","href":"https:\/\/api.w.org\/{rel}","templated":true}]}}