{"id":10917,"date":"2025-02-05T10:03:10","date_gmt":"2025-02-05T09:03:10","guid":{"rendered":"https:\/\/www.sams-industrie.fr\/product\/boitier-reference\/"},"modified":"2025-02-19T12:04:48","modified_gmt":"2025-02-19T11:04:48","slug":"boitier-reference","status":"publish","type":"product","link":"https:\/\/www.sams-industrie.fr\/en\/product\/boitier-reference\/","title":{"rendered":"Housing<br> Reference FJ-1013-013"},"content":{"rendered":"","protected":false},"excerpt":{"rendered":"<p>RAPIDEX, SAMS SMB12<br \/> R\u00e9f\u00e9rence constructeur : FJ-1013-013<br \/> R\u00e9f\u00e9rences \u00e9quivalentes : FJ1013013 \/ MFJ1013013 \/ RAPFJ1013013<\/p>","protected":false},"featured_media":0,"comment_status":"open","ping_status":"closed","template":"","meta":[],"_links":{"self":[{"href":"https:\/\/www.sams-industrie.fr\/en\/wp-json\/wp\/v2\/product\/10917"}],"collection":[{"href":"https:\/\/www.sams-industrie.fr\/en\/wp-json\/wp\/v2\/product"}],"about":[{"href":"https:\/\/www.sams-industrie.fr\/en\/wp-json\/wp\/v2\/types\/product"}],"replies":[{"embeddable":true,"href":"https:\/\/www.sams-industrie.fr\/en\/wp-json\/wp\/v2\/comments?post=10917"}],"wp:attachment":[{"href":"https:\/\/www.sams-industrie.fr\/en\/wp-json\/wp\/v2\/media?parent=10917"}],"curies":[{"name":"wp","href":"https:\/\/api.w.org\/{rel}","templated":true}]}}