{"id":10913,"date":"2025-02-05T10:03:07","date_gmt":"2025-02-05T09:03:07","guid":{"rendered":"https:\/\/www.sams-industrie.fr\/product\/rondelle-reference-4\/"},"modified":"2025-02-19T12:04:45","modified_gmt":"2025-02-19T11:04:45","slug":"rondelle-reference-4","status":"publish","type":"product","link":"https:\/\/www.sams-industrie.fr\/en\/product\/rondelle-reference-4\/","title":{"rendered":"Washer<br> Reference FJ-1013-008"},"content":{"rendered":"","protected":false},"excerpt":{"rendered":"<p>RAPIDEX, SAMS SMB12<br \/> R\u00e9f\u00e9rence constructeur : FJ-1013-008<br \/> R\u00e9f\u00e9rences \u00e9quivalentes : FJ1013008 \/ MFJ1013008 \/ RAPFJ1013008<\/p>","protected":false},"featured_media":0,"comment_status":"open","ping_status":"closed","template":"","meta":[],"_links":{"self":[{"href":"https:\/\/www.sams-industrie.fr\/en\/wp-json\/wp\/v2\/product\/10913"}],"collection":[{"href":"https:\/\/www.sams-industrie.fr\/en\/wp-json\/wp\/v2\/product"}],"about":[{"href":"https:\/\/www.sams-industrie.fr\/en\/wp-json\/wp\/v2\/types\/product"}],"replies":[{"embeddable":true,"href":"https:\/\/www.sams-industrie.fr\/en\/wp-json\/wp\/v2\/comments?post=10913"}],"wp:attachment":[{"href":"https:\/\/www.sams-industrie.fr\/en\/wp-json\/wp\/v2\/media?parent=10913"}],"curies":[{"name":"wp","href":"https:\/\/api.w.org\/{rel}","templated":true}]}}