{"id":10912,"date":"2025-02-05T10:03:06","date_gmt":"2025-02-05T09:03:06","guid":{"rendered":"https:\/\/www.sams-industrie.fr\/product\/rondelle-fraisee-reference\/"},"modified":"2025-02-19T12:04:44","modified_gmt":"2025-02-19T11:04:44","slug":"rondelle-fraisee-reference","status":"publish","type":"product","link":"https:\/\/www.sams-industrie.fr\/en\/product\/rondelle-fraisee-reference\/","title":{"rendered":"Countersunk washer<br> Reference FJ-1013-007"},"content":{"rendered":"","protected":false},"excerpt":{"rendered":"<p>RAPIDEX, SAMS SMB12<br \/> R\u00e9f\u00e9rence constructeur : FJ-1013-007<br \/> R\u00e9f\u00e9rences \u00e9quivalentes : FJ1013007 \/ MFJ1013007 \/ RAPFJ1013007<\/p>","protected":false},"featured_media":0,"comment_status":"open","ping_status":"closed","template":"","meta":[],"_links":{"self":[{"href":"https:\/\/www.sams-industrie.fr\/en\/wp-json\/wp\/v2\/product\/10912"}],"collection":[{"href":"https:\/\/www.sams-industrie.fr\/en\/wp-json\/wp\/v2\/product"}],"about":[{"href":"https:\/\/www.sams-industrie.fr\/en\/wp-json\/wp\/v2\/types\/product"}],"replies":[{"embeddable":true,"href":"https:\/\/www.sams-industrie.fr\/en\/wp-json\/wp\/v2\/comments?post=10912"}],"wp:attachment":[{"href":"https:\/\/www.sams-industrie.fr\/en\/wp-json\/wp\/v2\/media?parent=10912"}],"curies":[{"name":"wp","href":"https:\/\/api.w.org\/{rel}","templated":true}]}}