{"id":10907,"date":"2025-02-05T10:03:03","date_gmt":"2025-02-05T09:03:03","guid":{"rendered":"https:\/\/www.sams-industrie.fr\/product\/support-tete-reference\/"},"modified":"2025-02-19T12:04:40","modified_gmt":"2025-02-19T11:04:40","slug":"support-tete-reference","status":"publish","type":"product","link":"https:\/\/www.sams-industrie.fr\/en\/product\/support-tete-reference\/","title":{"rendered":"Head support<br> Reference FJ-1009-014"},"content":{"rendered":"","protected":false},"excerpt":{"rendered":"<p>RAPIDEX, SAMS SMB12<br \/> R\u00e9f\u00e9rence constructeur : FJ-1009-014<br \/> R\u00e9f\u00e9rences \u00e9quivalentes : FJ1009014 \/ MFJ1009014 \/ RAPFJ1009014<\/p>","protected":false},"featured_media":0,"comment_status":"open","ping_status":"closed","template":"","meta":[],"_links":{"self":[{"href":"https:\/\/www.sams-industrie.fr\/en\/wp-json\/wp\/v2\/product\/10907"}],"collection":[{"href":"https:\/\/www.sams-industrie.fr\/en\/wp-json\/wp\/v2\/product"}],"about":[{"href":"https:\/\/www.sams-industrie.fr\/en\/wp-json\/wp\/v2\/types\/product"}],"replies":[{"embeddable":true,"href":"https:\/\/www.sams-industrie.fr\/en\/wp-json\/wp\/v2\/comments?post=10907"}],"wp:attachment":[{"href":"https:\/\/www.sams-industrie.fr\/en\/wp-json\/wp\/v2\/media?parent=10907"}],"curies":[{"name":"wp","href":"https:\/\/api.w.org\/{rel}","templated":true}]}}