{"id":10903,"date":"2025-02-05T10:03:01","date_gmt":"2025-02-05T09:03:01","guid":{"rendered":"https:\/\/www.sams-industrie.fr\/product\/carter-de-poulie-reference\/"},"modified":"2025-02-19T12:04:35","modified_gmt":"2025-02-19T11:04:35","slug":"carter-de-poulie-reference","status":"publish","type":"product","link":"https:\/\/www.sams-industrie.fr\/en\/product\/carter-de-poulie-reference\/","title":{"rendered":"Pulley housing<br> Reference FJ-1000-010"},"content":{"rendered":"","protected":false},"excerpt":{"rendered":"<p>RAPIDEX, SAMS SMB12<br \/> R\u00e9f\u00e9rence constructeur : FJ-1000-010<br \/> R\u00e9f\u00e9rences \u00e9quivalentes : FJ1000010 \/ MFJ1000010 \/ RAPFJ1000010<\/p>","protected":false},"featured_media":0,"comment_status":"open","ping_status":"closed","template":"","meta":[],"_links":{"self":[{"href":"https:\/\/www.sams-industrie.fr\/en\/wp-json\/wp\/v2\/product\/10903"}],"collection":[{"href":"https:\/\/www.sams-industrie.fr\/en\/wp-json\/wp\/v2\/product"}],"about":[{"href":"https:\/\/www.sams-industrie.fr\/en\/wp-json\/wp\/v2\/types\/product"}],"replies":[{"embeddable":true,"href":"https:\/\/www.sams-industrie.fr\/en\/wp-json\/wp\/v2\/comments?post=10903"}],"wp:attachment":[{"href":"https:\/\/www.sams-industrie.fr\/en\/wp-json\/wp\/v2\/media?parent=10903"}],"curies":[{"name":"wp","href":"https:\/\/api.w.org\/{rel}","templated":true}]}}